{"id":3,"date":"2025-12-17T14:26:34","date_gmt":"2025-12-17T14:26:34","guid":{"rendered":"http:\/\/www.levrata.com\/?page_id=3"},"modified":"2025-12-29T07:45:42","modified_gmt":"2025-12-29T07:45:42","slug":"politica-de-privacidad","status":"publish","type":"page","link":"https:\/\/www.levrata.com\/es\/politica-de-privacidad\/","title":{"rendered":"Pol\u00edtica de privacidad"},"content":{"rendered":"<p><strong>Fecha de entrada en vigor: 01\/01\/2026<\/strong><\/p>\n\n\n\n<p>Esta Pol\u00edtica de Privacidad explica c\u00f3mo Levrata (\u201cLevrata\u201d, \u201cnosotros\u201d, \u201cnuestro\u201d o \u201cnos\u201d) recopila, utiliza y protege los datos personales en relaci\u00f3n con su uso de www.levrata.com.<br>(el \u201cSitio web\u201d).<\/p>\n\n\n\n<p>Levrata se compromete a proteger los datos personales y los procesa de conformidad con las leyes de protecci\u00f3n de datos aplicables, incluido el Reglamento General de Protecci\u00f3n de Datos (RGPD) de la UE, el RGPD del Reino Unido y la Ley Federal Suiza de Protecci\u00f3n de Datos (FADP).<\/p>\n\n\n\n<p class=\"has-medium-font-size\">1. Responsable del tratamiento de datos<\/p>\n\n\n\n<ol class=\"wp-block-list\"><\/ol>\n\n\n\n<p>El responsable del tratamiento de los datos personales en virtud de la presente Pol\u00edtica de Privacidad es:<\/p>\n\n\n\n<p>Levrata: info @ levrata.com<\/p>\n\n\n\n<p class=\"has-medium-font-size\">2. \u00c1mbito de aplicaci\u00f3n de la presente Pol\u00edtica de privacidad<\/p>\n\n\n\n<ol start=\"2\" class=\"wp-block-list\"><\/ol>\n\n\n\n<p>Esta Pol\u00edtica de Privacidad se aplica a todos los visitantes, lectores y usuarios del Sitio Web. Abarca los datos personales recopilados cuando los usuarios navegan por el contenido, interact\u00faan con el Sitio Web o se comunican directamente con Levrata.<\/p>\n\n\n\n<p class=\"has-medium-font-size\">3. Categor\u00edas de datos personales recopilados<\/p>\n\n\n\n<ol start=\"3\" class=\"wp-block-list\"><\/ol>\n\n\n\n<p>Levrata puede procesar las siguientes categor\u00edas de datos personales:<\/p>\n\n\n\n<p><strong>3.1 Datos que usted proporciona voluntariamente<\/strong><\/p>\n\n\n\n<ul class=\"wp-block-list\">\n<li>Nombre (si se proporciona)<\/li>\n\n\n\n<li>Direcci\u00f3n de correo electr\u00f3nico<\/li>\n\n\n\n<li>Cualquier informaci\u00f3n incluida en mensajes, consultas o correspondencia enviada a Levrata.<\/li>\n<\/ul>\n\n\n\n<p><strong>3.2 Datos recopilados autom\u00e1ticamente<\/strong><\/p>\n\n\n\n<p>Cuando accede al sitio web, es posible que se recopilen autom\u00e1ticamente ciertos datos t\u00e9cnicos y de uso, entre los que se incluyen:<\/p>\n\n\n\n<ul class=\"wp-block-list\">\n<li>Direcci\u00f3n IP<\/li>\n\n\n\n<li>Tipo y versi\u00f3n del navegador<\/li>\n\n\n\n<li>Dispositivo, sistema operativo e identificadores t\u00e9cnicos.<\/li>\n\n\n\n<li>Fecha y hora de acceso<\/li>\n\n\n\n<li>P\u00e1ginas visitadas y URL de referencia<\/li>\n<\/ul>\n\n\n\n<p class=\"has-medium-font-size\">4. Finalidades del tratamiento de datos<\/p>\n\n\n\n<ol start=\"4\" class=\"wp-block-list\"><\/ol>\n\n\n\n<p>Levrata procesa datos personales con los siguientes fines:<\/p>\n\n\n\n<ul class=\"wp-block-list\">\n<li>Operaci\u00f3n, mantenimiento y administraci\u00f3n del sitio web.<\/li>\n\n\n\n<li>Responder a consultas y comunicarse con los usuarios.<\/li>\n\n\n\n<li>Garantizar la seguridad, estabilidad y rendimiento del sitio web.<\/li>\n\n\n\n<li>Analizar las tendencias de uso y mejorar el contenido y la experiencia del usuario.<\/li>\n\n\n\n<li>Cumplimiento de las obligaciones legales, normativas y de cumplimiento.<\/li>\n<\/ul>\n\n\n\n<p class=\"has-medium-font-size\">5. Fundamentos jur\u00eddicos para el tratamiento<\/p>\n\n\n\n<ol start=\"5\" class=\"wp-block-list\"><\/ol>\n\n\n\n<p>Los datos personales se tratan de conformidad con la legislaci\u00f3n aplicable sobre la base de uno o varios de los siguientes fundamentos jur\u00eddicos:<\/p>\n\n\n\n<ul class=\"wp-block-list\">\n<li>Consentimiento del usuario, cuando sea necesario<\/li>\n\n\n\n<li>Intereses leg\u00edtimos perseguidos por Levrata, incluyendo el funcionamiento, la seguridad y la mejora del sitio web.<\/li>\n\n\n\n<li>Cumplimiento de obligaciones legales o reglamentarias.<\/li>\n\n\n\n<li>Cumplimiento de medidas contractuales o precontractuales, cuando corresponda.<\/li>\n<\/ul>\n\n\n\n<p class=\"has-medium-font-size\">6. Divulgaci\u00f3n de datos personales<\/p>\n\n\n\n<ol start=\"6\" class=\"wp-block-list\"><\/ol>\n\n\n\n<ul class=\"wp-block-list\">\n<li>Levrata no vende ni alquila datos personales.<\/li>\n\n\n\n<li>Los datos personales solo se compartir\u00e1n con terceros cuando sea necesario, incluyendo:<\/li>\n\n\n\n<li>Proveedores de alojamiento web, TI e infraestructura<\/li>\n\n\n\n<li>Servicios de an\u00e1lisis y medici\u00f3n del rendimiento<\/li>\n\n\n\n<li>Asesores profesionales o autoridades p\u00fablicas cuando as\u00ed lo exija la ley.<\/li>\n<\/ul>\n\n\n\n<p>Todos los terceros est\u00e1n obligados a tratar los datos personales de conformidad con las leyes de protecci\u00f3n de datos aplicables y las garant\u00edas adecuadas.<\/p>\n\n\n\n<p class=\"has-medium-font-size\">7. Transferencias internacionales de datos<\/p>\n\n\n\n<ol start=\"7\" class=\"wp-block-list\"><\/ol>\n\n\n\n<p>Los datos personales pueden transferirse y tratarse en pa\u00edses fuera de la Uni\u00f3n Europea, el Reino Unido o Suiza. Cuando se producen dichas transferencias, Levrata implementa las garant\u00edas adecuadas, incluidas decisiones de adecuaci\u00f3n, cl\u00e1usulas contractuales est\u00e1ndar u otros mecanismos de transferencia legales.<\/p>\n\n\n\n<p class=\"has-medium-font-size\">8. Retenci\u00f3n de datos<\/p>\n\n\n\n<ol start=\"8\" class=\"wp-block-list\"><\/ol>\n\n\n\n<p>Los datos personales solo se conservan durante el tiempo necesario para cumplir con los fines para los que fueron recopilados, a menos que la ley exija o permita un periodo de conservaci\u00f3n m\u00e1s largo.<\/p>\n\n\n\n<p class=\"has-medium-font-size\">9. Cookies y tecnolog\u00edas similares<\/p>\n\n\n\n<ol start=\"9\" class=\"wp-block-list\"><\/ol>\n\n\n\n<p>El sitio web puede utilizar cookies o tecnolog\u00edas similares para garantizar su funcionalidad, analizar el tr\u00e1fico y mejorar la experiencia del usuario. Los usuarios pueden administrar o desactivar las cookies a trav\u00e9s de la configuraci\u00f3n de su navegador.<\/p>\n\n\n\n<p>Se puede proporcionar informaci\u00f3n adicional en una Pol\u00edtica de cookies independiente, cuando corresponda.<\/p>\n\n\n\n<p class=\"has-medium-font-size\">10. Seguridad de los datos<\/p>\n\n\n\n<ol start=\"10\" class=\"wp-block-list\"><\/ol>\n\n\n\n<p>Levrata implementa medidas t\u00e9cnicas y organizativas adecuadas para proteger los datos personales contra el acceso no autorizado, la p\u00e9rdida, el uso indebido, la alteraci\u00f3n o la divulgaci\u00f3n. Aunque se han establecido medidas de seguridad razonables, ning\u00fan sistema puede garantizar una seguridad absoluta.<\/p>\n\n\n\n<p class=\"has-medium-font-size\">11. Sus derechos en materia de protecci\u00f3n de datos<\/p>\n\n\n\n<ol start=\"11\" class=\"wp-block-list\"><\/ol>\n\n\n\n<p>De conformidad con las leyes de protecci\u00f3n de datos aplicables, los usuarios tienen derecho a:<\/p>\n\n\n\n<ul class=\"wp-block-list\">\n<li>Acceder a sus datos personales<\/li>\n\n\n\n<li>Solicitar la correcci\u00f3n de datos inexactos o incompletos<\/li>\n\n\n\n<li>Solicitar la eliminaci\u00f3n de datos personales<\/li>\n\n\n\n<li>Solicitar restricci\u00f3n del tratamiento<\/li>\n\n\n\n<li>Oponerse al tratamiento<\/li>\n\n\n\n<li>Solicitar la portabilidad de datos<\/li>\n\n\n\n<li>Retirar el consentimiento en cualquier momento, cuando el tratamiento se base en el consentimiento.<\/li>\n<\/ul>\n\n\n\n<p><strong>Las solicitudes pueden enviarse a<\/strong>: info @ levrata.com<\/p>\n\n\n\n<p class=\"has-medium-font-size\">12. Derecho a presentar una queja<\/p>\n\n\n\n<ol start=\"12\" class=\"wp-block-list\"><\/ol>\n\n\n\n<p>Los usuarios tienen derecho a presentar una queja ante una autoridad competente en materia de protecci\u00f3n de datos, incluida una autoridad de la UE, la Oficina del Comisionado de Informaci\u00f3n del Reino Unido (ICO) o el Comisionado Federal Suizo de Protecci\u00f3n de Datos e Informaci\u00f3n (FDPIC).<\/p>\n\n\n\n<p class=\"has-medium-font-size\">13. Sitios web de terceros<\/p>\n\n\n\n<ol start=\"13\" class=\"wp-block-list\"><\/ol>\n\n\n\n<p>El sitio web puede contener enlaces a sitios web, plataformas o servicios de terceros. Levrata no se hace responsable de las pr\u00e1cticas de privacidad ni del contenido de dichos terceros. Se recomienda a los usuarios que revisen las pol\u00edticas de privacidad de cualquier sitio web externo que visiten.<\/p>\n\n\n\n<p class=\"has-medium-font-size\">14. Actualizaciones de esta Pol\u00edtica de Privacidad<\/p>\n\n\n\n<ol start=\"14\" class=\"wp-block-list\"><\/ol>\n\n\n\n<p>Levrata se reserva el derecho de actualizar o modificar esta Pol\u00edtica de Privacidad en cualquier momento. Cualquier cambio se publicar\u00e1 en el Sitio Web y entrar\u00e1 en vigor en el momento de su publicaci\u00f3n.<\/p>\n\n\n\n<p class=\"has-medium-font-size\">15. Contacto<\/p>\n\n\n\n<ol start=\"15\" class=\"wp-block-list\"><\/ol>\n\n\n\n<p>Si tiene alguna pregunta, solicitud o inquietud sobre esta Pol\u00edtica de privacidad o el tratamiento de datos personales, <strong>por favor, comun\u00edquese con<\/strong>: info @ levrata.com .<\/p>","protected":false},"excerpt":{"rendered":"<p>Fecha de entrada en vigor: 01\/01\/2026 Esta Pol\u00edtica de privacidad explica c\u00f3mo Levrata (\u201cLevrata\u201d, \u201cnosotros\u201d, \u201cnuestro\u201d o \u201cnos\u201d) recopila, utiliza y protege los datos personales.<\/p>","protected":false},"author":1,"featured_media":0,"parent":0,"menu_order":0,"comment_status":"closed","ping_status":"open","template":"","meta":{"colormag_page_container_layout":"default_layout","colormag_page_sidebar_layout":"default_layout","footnotes":""},"class_list":["post-3","page","type-page","status-publish","hentry"],"yoast_head":"<!-- This site is optimized with the Yoast SEO plugin v26.6 - https:\/\/yoast.com\/wordpress\/plugins\/seo\/ -->\n<title>Privacy Policy - Levrata | Global Trading, Markets &amp; Investment Intelligence Magazine<\/title>\n<meta name=\"robots\" content=\"index, follow, max-snippet:-1, max-image-preview:large, max-video-preview:-1\" \/>\n<link rel=\"canonical\" href=\"https:\/\/www.levrata.com\/es\/politica-de-privacidad\/\" \/>\n<meta property=\"og:locale\" content=\"es_MX\" \/>\n<meta property=\"og:type\" content=\"article\" \/>\n<meta property=\"og:title\" content=\"Privacy Policy - Levrata | Global Trading, Markets &amp; Investment Intelligence Magazine\" \/>\n<meta property=\"og:description\" content=\"Effective Date: 01\/01\/2026 This Privacy Policy explains how Levrata (\u201cLevrata,\u201d \u201cwe,\u201d \u201cour,\u201d or \u201cus\u201d) collects, uses, and safeguards personal data\" \/>\n<meta property=\"og:url\" content=\"https:\/\/www.levrata.com\/es\/politica-de-privacidad\/\" \/>\n<meta property=\"og:site_name\" content=\"Levrata | Global Trading, Markets &amp; Investment Intelligence Magazine\" \/>\n<meta property=\"article:modified_time\" content=\"2025-12-29T07:45:42+00:00\" \/>\n<meta name=\"twitter:card\" content=\"summary_large_image\" \/>\n<meta name=\"twitter:label1\" content=\"Tiempo de lectura\" \/>\n\t<meta name=\"twitter:data1\" content=\"4 minutos\" \/>\n<script type=\"application\/ld+json\" class=\"yoast-schema-graph\">{\"@context\":\"https:\/\/schema.org\",\"@graph\":[{\"@type\":\"WebPage\",\"@id\":\"https:\/\/www.levrata.com\/privacy-policy\/\",\"url\":\"https:\/\/www.levrata.com\/privacy-policy\/\",\"name\":\"Privacy Policy - Levrata | Global Trading, Markets &amp; Investment Intelligence Magazine\",\"isPartOf\":{\"@id\":\"http:\/\/www.levrata.com\/fr\/#website\"},\"datePublished\":\"2025-12-17T14:26:34+00:00\",\"dateModified\":\"2025-12-29T07:45:42+00:00\",\"breadcrumb\":{\"@id\":\"https:\/\/www.levrata.com\/privacy-policy\/#breadcrumb\"},\"inLanguage\":\"es\",\"potentialAction\":[{\"@type\":\"ReadAction\",\"target\":[\"https:\/\/www.levrata.com\/privacy-policy\/\"]}]},{\"@type\":\"BreadcrumbList\",\"@id\":\"https:\/\/www.levrata.com\/privacy-policy\/#breadcrumb\",\"itemListElement\":[{\"@type\":\"ListItem\",\"position\":1,\"name\":\"Home\",\"item\":\"http:\/\/www.levrata.com\/fr\/\"},{\"@type\":\"ListItem\",\"position\":2,\"name\":\"Privacy Policy\"}]},{\"@type\":\"WebSite\",\"@id\":\"http:\/\/www.levrata.com\/fr\/#website\",\"url\":\"http:\/\/www.levrata.com\/fr\/\",\"name\":\"Levrata | Global Trading, Markets & Investment Intelligence Magazine\",\"description\":\"Levrata is a premier global platform delivering actionable insights for traders, investors, and market enthusiasts. Covering equities, derivatives, crypto, commodities, and macro trends, Levrata combines real-time market analysis, trading strategies, and financial intelligence to empower decision-makers worldwide.\",\"publisher\":{\"@id\":\"http:\/\/www.levrata.com\/fr\/#organization\"},\"potentialAction\":[{\"@type\":\"SearchAction\",\"target\":{\"@type\":\"EntryPoint\",\"urlTemplate\":\"http:\/\/www.levrata.com\/fr\/?s={search_term_string}\"},\"query-input\":{\"@type\":\"PropertyValueSpecification\",\"valueRequired\":true,\"valueName\":\"search_term_string\"}}],\"inLanguage\":\"es\"},{\"@type\":\"Organization\",\"@id\":\"http:\/\/www.levrata.com\/fr\/#organization\",\"name\":\"Levrata | Global Trading, Markets & Investment Intelligence Magazine\",\"url\":\"http:\/\/www.levrata.com\/fr\/\",\"logo\":{\"@type\":\"ImageObject\",\"inLanguage\":\"es\",\"@id\":\"http:\/\/www.levrata.com\/fr\/#\/schema\/logo\/image\/\",\"url\":\"https:\/\/www.levrata.com\/wp-content\/uploads\/2025\/12\/levrata.png\",\"contentUrl\":\"https:\/\/www.levrata.com\/wp-content\/uploads\/2025\/12\/levrata.png\",\"width\":189,\"height\":158,\"caption\":\"Levrata | Global Trading, Markets & Investment Intelligence Magazine\"},\"image\":{\"@id\":\"http:\/\/www.levrata.com\/fr\/#\/schema\/logo\/image\/\"}}]}<\/script>\n<!-- \/ Yoast SEO plugin. -->","yoast_head_json":{"title":"Pol\u00edtica de privacidad - Levrata | Revista sobre comercio internacional, mercados e inteligencia de inversi\u00f3n","robots":{"index":"index","follow":"follow","max-snippet":"max-snippet:-1","max-image-preview":"max-image-preview:large","max-video-preview":"max-video-preview:-1"},"canonical":"https:\/\/www.levrata.com\/es\/politica-de-privacidad\/","og_locale":"es_MX","og_type":"article","og_title":"Privacy Policy - Levrata | Global Trading, Markets &amp; Investment Intelligence Magazine","og_description":"Effective Date: 01\/01\/2026 This Privacy Policy explains how Levrata (\u201cLevrata,\u201d \u201cwe,\u201d \u201cour,\u201d or \u201cus\u201d) collects, uses, and safeguards personal data","og_url":"https:\/\/www.levrata.com\/es\/politica-de-privacidad\/","og_site_name":"Levrata | Global Trading, Markets &amp; Investment Intelligence Magazine","article_modified_time":"2025-12-29T07:45:42+00:00","twitter_card":"summary_large_image","twitter_misc":{"Tiempo de lectura":"4 minutos"},"schema":{"@context":"https:\/\/schema.org","@graph":[{"@type":"WebPage","@id":"https:\/\/www.levrata.com\/privacy-policy\/","url":"https:\/\/www.levrata.com\/privacy-policy\/","name":"Pol\u00edtica de privacidad - Levrata | Revista sobre comercio internacional, mercados e inteligencia de inversi\u00f3n","isPartOf":{"@id":"http:\/\/www.levrata.com\/fr\/#website"},"datePublished":"2025-12-17T14:26:34+00:00","dateModified":"2025-12-29T07:45:42+00:00","breadcrumb":{"@id":"https:\/\/www.levrata.com\/privacy-policy\/#breadcrumb"},"inLanguage":"es","potentialAction":[{"@type":"ReadAction","target":["https:\/\/www.levrata.com\/privacy-policy\/"]}]},{"@type":"BreadcrumbList","@id":"https:\/\/www.levrata.com\/privacy-policy\/#breadcrumb","itemListElement":[{"@type":"ListItem","position":1,"name":"Home","item":"http:\/\/www.levrata.com\/fr\/"},{"@type":"ListItem","position":2,"name":"Privacy Policy"}]},{"@type":"WebSite","@id":"http:\/\/www.levrata.com\/fr\/#website","url":"http:\/\/www.levrata.com\/fr\/","name":"Levrata | Revista sobre comercio internacional, mercados e inteligencia de inversi\u00f3n","description":"Levrata es una plataforma global de primer nivel que ofrece informaci\u00f3n \u00fatil para operadores burs\u00e1tiles, inversionistas y entusiastas del mercado. Levrata, que abarca acciones, derivados, criptomonedas, materias primas y tendencias macroecon\u00f3micas, combina an\u00e1lisis de mercado en tiempo real, estrategias de negociaci\u00f3n e inteligencia financiera para empoderar a los responsables de la toma de decisiones en todo el mundo.","publisher":{"@id":"http:\/\/www.levrata.com\/fr\/#organization"},"potentialAction":[{"@type":"SearchAction","target":{"@type":"EntryPoint","urlTemplate":"http:\/\/www.levrata.com\/fr\/?s={search_term_string}"},"query-input":{"@type":"PropertyValueSpecification","valueRequired":true,"valueName":"search_term_string"}}],"inLanguage":"es"},{"@type":"Organization","@id":"http:\/\/www.levrata.com\/fr\/#organization","name":"Levrata | Revista sobre comercio internacional, mercados e inteligencia de inversi\u00f3n","url":"http:\/\/www.levrata.com\/fr\/","logo":{"@type":"ImageObject","inLanguage":"es","@id":"http:\/\/www.levrata.com\/fr\/#\/schema\/logo\/image\/","url":"https:\/\/www.levrata.com\/wp-content\/uploads\/2025\/12\/levrata.png","contentUrl":"https:\/\/www.levrata.com\/wp-content\/uploads\/2025\/12\/levrata.png","width":189,"height":158,"caption":"Levrata | Global Trading, Markets & Investment Intelligence Magazine"},"image":{"@id":"http:\/\/www.levrata.com\/fr\/#\/schema\/logo\/image\/"}}]}},"_links":{"self":[{"href":"https:\/\/www.levrata.com\/es\/wp-json\/wp\/v2\/pages\/3","targetHints":{"allow":["GET"]}}],"collection":[{"href":"https:\/\/www.levrata.com\/es\/wp-json\/wp\/v2\/pages"}],"about":[{"href":"https:\/\/www.levrata.com\/es\/wp-json\/wp\/v2\/types\/page"}],"author":[{"embeddable":true,"href":"https:\/\/www.levrata.com\/es\/wp-json\/wp\/v2\/users\/1"}],"replies":[{"embeddable":true,"href":"https:\/\/www.levrata.com\/es\/wp-json\/wp\/v2\/comments?post=3"}],"version-history":[{"count":2,"href":"https:\/\/www.levrata.com\/es\/wp-json\/wp\/v2\/pages\/3\/revisions"}],"predecessor-version":[{"id":992,"href":"https:\/\/www.levrata.com\/es\/wp-json\/wp\/v2\/pages\/3\/revisions\/992"}],"wp:attachment":[{"href":"https:\/\/www.levrata.com\/es\/wp-json\/wp\/v2\/media?parent=3"}],"curies":[{"name":"wp","href":"https:\/\/api.w.org\/{rel}","templated":true}]}}