{"id":3,"date":"2025-12-17T14:26:34","date_gmt":"2025-12-17T14:26:34","guid":{"rendered":"http:\/\/www.levrata.com\/?page_id=3"},"modified":"2025-12-29T07:45:42","modified_gmt":"2025-12-29T07:45:42","slug":"politica-de-privacidade","status":"publish","type":"page","link":"https:\/\/www.levrata.com\/pt\/politica-de-privacidade\/","title":{"rendered":"Pol\u00edtica de Privacidade"},"content":{"rendered":"<p><strong>Data de vig\u00eancia: 01\/01\/2026<\/strong><\/p>\n\n\n\n<p>Esta Pol\u00edtica de Privacidade explica como a Levrata (\u201cLevrata\u201d, \u201cn\u00f3s\u201d, \u201cnosso\u201d ou \u201cnossa\u201d) coleta, usa e protege os dados pessoais relacionados ao uso do site www.levrata.com.<br>(o \u201cSite\u201d).<\/p>\n\n\n\n<p>A Levrata est\u00e1 comprometida com a prote\u00e7\u00e3o de dados pessoais e processa esses dados de acordo com as leis de prote\u00e7\u00e3o de dados aplic\u00e1veis, incluindo o Regulamento Geral de Prote\u00e7\u00e3o de Dados (RGPD) da UE, o RGPD do Reino Unido e a Lei Federal Su\u00ed\u00e7a sobre Prote\u00e7\u00e3o de Dados (FADP).<\/p>\n\n\n\n<p class=\"has-medium-font-size\">1. Controlador de dados<\/p>\n\n\n\n<ol class=\"wp-block-list\"><\/ol>\n\n\n\n<p>O respons\u00e1vel pelo tratamento dos dados pessoais ao abrigo da presente Pol\u00edtica de Privacidade \u00e9:<\/p>\n\n\n\n<p>Levrata: info@levrata.com<\/p>\n\n\n\n<p class=\"has-medium-font-size\">2. Escopo desta Pol\u00edtica de Privacidade<\/p>\n\n\n\n<ol start=\"2\" class=\"wp-block-list\"><\/ol>\n\n\n\n<p>Esta Pol\u00edtica de Privacidade aplica-se a todos os visitantes, leitores e usu\u00e1rios do site. Ela abrange os dados pessoais coletados quando os usu\u00e1rios navegam pelo conte\u00fado, interagem com o site ou entram em contato diretamente com a Levrata.<\/p>\n\n\n\n<p class=\"has-medium-font-size\">3. Categorias de dados pessoais coletados<\/p>\n\n\n\n<ol start=\"3\" class=\"wp-block-list\"><\/ol>\n\n\n\n<p>A Levrata pode processar as seguintes categorias de dados pessoais:<\/p>\n\n\n\n<p><strong>3.1 Dados que voc\u00ea fornece voluntariamente<\/strong><\/p>\n\n\n\n<ul class=\"wp-block-list\">\n<li>Nome (se fornecido)<\/li>\n\n\n\n<li>Endere\u00e7o de e-mail<\/li>\n\n\n\n<li>Quaisquer informa\u00e7\u00f5es inclu\u00eddas em mensagens, consultas ou correspond\u00eancia enviadas \u00e0 Levrata<\/li>\n<\/ul>\n\n\n\n<p><strong>3.2 Dados coletados automaticamente<\/strong><\/p>\n\n\n\n<p>Quando voc\u00ea acessa o site, certos dados t\u00e9cnicos e de uso podem ser coletados automaticamente, incluindo:<\/p>\n\n\n\n<ul class=\"wp-block-list\">\n<li>endere\u00e7o IP<\/li>\n\n\n\n<li>Tipo e vers\u00e3o do navegador<\/li>\n\n\n\n<li>Dispositivo, sistema operacional e identificadores t\u00e9cnicos<\/li>\n\n\n\n<li>Data e hora do acesso<\/li>\n\n\n\n<li>P\u00e1ginas visualizadas e URLs de refer\u00eancia<\/li>\n<\/ul>\n\n\n\n<p class=\"has-medium-font-size\">4. Finalidades do tratamento de dados<\/p>\n\n\n\n<ol start=\"4\" class=\"wp-block-list\"><\/ol>\n\n\n\n<p>A Levrata processa dados pessoais para os seguintes fins:<\/p>\n\n\n\n<ul class=\"wp-block-list\">\n<li>Opera\u00e7\u00e3o, manuten\u00e7\u00e3o e administra\u00e7\u00e3o do site<\/li>\n\n\n\n<li>Respondendo a perguntas e comunicando-se com os usu\u00e1rios<\/li>\n\n\n\n<li>Garantindo a seguran\u00e7a, estabilidade e desempenho do site<\/li>\n\n\n\n<li>Analisando tend\u00eancias de uso e melhorando o conte\u00fado e a experi\u00eancia do usu\u00e1rio<\/li>\n\n\n\n<li>Cumprimento das obriga\u00e7\u00f5es legais, regulamentares e de conformidade<\/li>\n<\/ul>\n\n\n\n<p class=\"has-medium-font-size\">5. Bases legais para o tratamento<\/p>\n\n\n\n<ol start=\"5\" class=\"wp-block-list\"><\/ol>\n\n\n\n<p>Os dados pessoais s\u00e3o processados de acordo com a legisla\u00e7\u00e3o aplic\u00e1vel com base em um ou mais dos seguintes fundamentos jur\u00eddicos:<\/p>\n\n\n\n<ul class=\"wp-block-list\">\n<li>Consentimento do usu\u00e1rio, quando necess\u00e1rio<\/li>\n\n\n\n<li>Interesses leg\u00edtimos perseguidos pela Levrata, incluindo a opera\u00e7\u00e3o, prote\u00e7\u00e3o e melhoria do site.<\/li>\n\n\n\n<li>Conformidade com obriga\u00e7\u00f5es legais ou regulamentares<\/li>\n\n\n\n<li>Execu\u00e7\u00e3o de medidas contratuais ou pr\u00e9-contratuais, quando aplic\u00e1vel<\/li>\n<\/ul>\n\n\n\n<p class=\"has-medium-font-size\">6. Divulga\u00e7\u00e3o de Dados Pessoais<\/p>\n\n\n\n<ol start=\"6\" class=\"wp-block-list\"><\/ol>\n\n\n\n<ul class=\"wp-block-list\">\n<li>A Levrata n\u00e3o vende nem aluga dados pessoais.<\/li>\n\n\n\n<li>Os dados pessoais s\u00f3 podem ser compartilhados com terceiros quando necess\u00e1rio, incluindo:<\/li>\n\n\n\n<li>Provedores de hospedagem de sites, TI e infraestrutura<\/li>\n\n\n\n<li>Servi\u00e7os de an\u00e1lise e medi\u00e7\u00e3o de desempenho<\/li>\n\n\n\n<li>Consultores profissionais ou autoridades p\u00fablicas, quando exigido por lei<\/li>\n<\/ul>\n\n\n\n<p>Todos os terceiros s\u00e3o obrigados a processar dados pessoais de acordo com as leis de prote\u00e7\u00e3o de dados aplic\u00e1veis e as salvaguardas apropriadas.<\/p>\n\n\n\n<p class=\"has-medium-font-size\">7. Transfer\u00eancias internacionais de dados<\/p>\n\n\n\n<ol start=\"7\" class=\"wp-block-list\"><\/ol>\n\n\n\n<p>Os dados pessoais podem ser transferidos e processados em pa\u00edses fora da Uni\u00e3o Europeia, do Reino Unido ou da Su\u00ed\u00e7a. Quando tais transfer\u00eancias ocorrem, a Levrata implementa salvaguardas adequadas, incluindo decis\u00f5es de adequa\u00e7\u00e3o, cl\u00e1usulas contratuais padr\u00e3o ou outros mecanismos de transfer\u00eancia legais.<\/p>\n\n\n\n<p class=\"has-medium-font-size\">8. Reten\u00e7\u00e3o de dados<\/p>\n\n\n\n<ol start=\"8\" class=\"wp-block-list\"><\/ol>\n\n\n\n<p>Os dados pessoais s\u00e3o mantidos apenas pelo tempo necess\u00e1rio para cumprir os objetivos para os quais foram coletados, a menos que um per\u00edodo de reten\u00e7\u00e3o mais longo seja exigido ou permitido por lei.<\/p>\n\n\n\n<p class=\"has-medium-font-size\">9. Cookies e tecnologias semelhantes<\/p>\n\n\n\n<ol start=\"9\" class=\"wp-block-list\"><\/ol>\n\n\n\n<p>O site pode usar cookies ou tecnologias semelhantes para garantir a funcionalidade, analisar o tr\u00e1fego e melhorar a experi\u00eancia do usu\u00e1rio. Os usu\u00e1rios podem gerenciar ou desativar os cookies atrav\u00e9s das configura\u00e7\u00f5es do navegador.<\/p>\n\n\n\n<p>Detalhes adicionais podem ser fornecidos em uma Pol\u00edtica de Cookies separada, quando aplic\u00e1vel.<\/p>\n\n\n\n<p class=\"has-medium-font-size\">10. Seguran\u00e7a dos dados<\/p>\n\n\n\n<ol start=\"10\" class=\"wp-block-list\"><\/ol>\n\n\n\n<p>A Levrata implementa medidas t\u00e9cnicas e organizacionais adequadas para proteger os dados pessoais contra acesso n\u00e3o autorizado, perda, uso indevido, altera\u00e7\u00e3o ou divulga\u00e7\u00e3o. Embora existam salvaguardas razo\u00e1veis, nenhum sistema pode garantir seguran\u00e7a absoluta.<\/p>\n\n\n\n<p class=\"has-medium-font-size\">11. Seus direitos de prote\u00e7\u00e3o de dados<\/p>\n\n\n\n<ol start=\"11\" class=\"wp-block-list\"><\/ol>\n\n\n\n<p>De acordo com as leis de prote\u00e7\u00e3o de dados aplic\u00e1veis, os usu\u00e1rios t\u00eam o direito de:<\/p>\n\n\n\n<ul class=\"wp-block-list\">\n<li>Acessar seus dados pessoais<\/li>\n\n\n\n<li>Solicitar a corre\u00e7\u00e3o de dados imprecisos ou incompletos<\/li>\n\n\n\n<li>Solicitar a elimina\u00e7\u00e3o de dados pessoais<\/li>\n\n\n\n<li>Solicitar restri\u00e7\u00e3o do processamento<\/li>\n\n\n\n<li>Obje\u00e7\u00e3o ao processamento<\/li>\n\n\n\n<li>Solicitar portabilidade de dados<\/li>\n\n\n\n<li>Retirar o consentimento a qualquer momento, quando o processamento se basear no consentimento<\/li>\n<\/ul>\n\n\n\n<p><strong>As solicita\u00e7\u00f5es podem ser enviadas para<\/strong>: info@levrata.com<\/p>\n\n\n\n<p class=\"has-medium-font-size\">12. Direito de apresentar uma reclama\u00e7\u00e3o<\/p>\n\n\n\n<ol start=\"12\" class=\"wp-block-list\"><\/ol>\n\n\n\n<p>Os usu\u00e1rios t\u00eam o direito de apresentar uma reclama\u00e7\u00e3o a uma autoridade competente em mat\u00e9ria de prote\u00e7\u00e3o de dados, incluindo uma autoridade na UE, o Gabinete do Comiss\u00e1rio de Informa\u00e7\u00e3o do Reino Unido (ICO) ou o Comiss\u00e1rio Federal Su\u00ed\u00e7o para a Prote\u00e7\u00e3o de Dados e Informa\u00e7\u00e3o (FDPIC).<\/p>\n\n\n\n<p class=\"has-medium-font-size\">13. Sites de terceiros<\/p>\n\n\n\n<ol start=\"13\" class=\"wp-block-list\"><\/ol>\n\n\n\n<p>O site pode conter links para sites, plataformas ou servi\u00e7os de terceiros. A Levrata n\u00e3o se responsabiliza pelas pr\u00e1ticas de privacidade ou pelo conte\u00fado desses terceiros. Os usu\u00e1rios s\u00e3o incentivados a revisar as pol\u00edticas de privacidade de quaisquer sites externos que visitarem.<\/p>\n\n\n\n<p class=\"has-medium-font-size\">14. Atualiza\u00e7\u00f5es desta Pol\u00edtica de Privacidade<\/p>\n\n\n\n<ol start=\"14\" class=\"wp-block-list\"><\/ol>\n\n\n\n<p>A Levrata reserva-se o direito de atualizar ou alterar esta Pol\u00edtica de Privacidade a qualquer momento. Quaisquer altera\u00e7\u00f5es ser\u00e3o publicadas no site e entrar\u00e3o em vigor ap\u00f3s a publica\u00e7\u00e3o.<\/p>\n\n\n\n<p class=\"has-medium-font-size\">15. Contato<\/p>\n\n\n\n<ol start=\"15\" class=\"wp-block-list\"><\/ol>\n\n\n\n<p>Para perguntas, solicita\u00e7\u00f5es ou d\u00favidas relacionadas a esta Pol\u00edtica de Privacidade ou ao processamento de dados pessoais, <strong>entre em contato<\/strong>: info @ levrata.com .<\/p>","protected":false},"excerpt":{"rendered":"<p>Data de vig\u00eancia: 01\/01\/2026 Esta Pol\u00edtica de Privacidade explica como a Levrata (\u201cLevrata\u201d, \u201cn\u00f3s\u201d, \u201cnosso\u201d ou \u201cnossa\u201d) coleta, usa e protege os dados pessoais.<\/p>","protected":false},"author":1,"featured_media":0,"parent":0,"menu_order":0,"comment_status":"closed","ping_status":"open","template":"","meta":{"colormag_page_container_layout":"default_layout","colormag_page_sidebar_layout":"default_layout","footnotes":""},"class_list":["post-3","page","type-page","status-publish","hentry"],"yoast_head":"<!-- This site is optimized with the Yoast SEO plugin v26.6 - https:\/\/yoast.com\/wordpress\/plugins\/seo\/ -->\n<title>Privacy Policy - Levrata | Global Trading, Markets &amp; Investment Intelligence Magazine<\/title>\n<meta name=\"robots\" content=\"index, follow, max-snippet:-1, max-image-preview:large, max-video-preview:-1\" \/>\n<link rel=\"canonical\" href=\"https:\/\/www.levrata.com\/pt\/politica-de-privacidade\/\" \/>\n<meta property=\"og:locale\" content=\"pt_BR\" \/>\n<meta property=\"og:type\" content=\"article\" \/>\n<meta property=\"og:title\" content=\"Privacy Policy - Levrata | Global Trading, Markets &amp; Investment Intelligence Magazine\" \/>\n<meta property=\"og:description\" content=\"Effective Date: 01\/01\/2026 This Privacy Policy explains how Levrata (\u201cLevrata,\u201d \u201cwe,\u201d \u201cour,\u201d or \u201cus\u201d) collects, uses, and safeguards personal data\" \/>\n<meta property=\"og:url\" content=\"https:\/\/www.levrata.com\/pt\/politica-de-privacidade\/\" \/>\n<meta property=\"og:site_name\" content=\"Levrata | Global Trading, Markets &amp; Investment Intelligence Magazine\" \/>\n<meta property=\"article:modified_time\" content=\"2025-12-29T07:45:42+00:00\" \/>\n<meta name=\"twitter:card\" content=\"summary_large_image\" \/>\n<meta name=\"twitter:label1\" content=\"Est. tempo de leitura\" \/>\n\t<meta name=\"twitter:data1\" content=\"4 minutos\" \/>\n<script type=\"application\/ld+json\" class=\"yoast-schema-graph\">{\"@context\":\"https:\/\/schema.org\",\"@graph\":[{\"@type\":\"WebPage\",\"@id\":\"https:\/\/www.levrata.com\/privacy-policy\/\",\"url\":\"https:\/\/www.levrata.com\/privacy-policy\/\",\"name\":\"Privacy Policy - Levrata | Global Trading, Markets &amp; Investment Intelligence Magazine\",\"isPartOf\":{\"@id\":\"http:\/\/www.levrata.com\/fr\/#website\"},\"datePublished\":\"2025-12-17T14:26:34+00:00\",\"dateModified\":\"2025-12-29T07:45:42+00:00\",\"breadcrumb\":{\"@id\":\"https:\/\/www.levrata.com\/privacy-policy\/#breadcrumb\"},\"inLanguage\":\"pt-BR\",\"potentialAction\":[{\"@type\":\"ReadAction\",\"target\":[\"https:\/\/www.levrata.com\/privacy-policy\/\"]}]},{\"@type\":\"BreadcrumbList\",\"@id\":\"https:\/\/www.levrata.com\/privacy-policy\/#breadcrumb\",\"itemListElement\":[{\"@type\":\"ListItem\",\"position\":1,\"name\":\"Home\",\"item\":\"http:\/\/www.levrata.com\/fr\/\"},{\"@type\":\"ListItem\",\"position\":2,\"name\":\"Privacy Policy\"}]},{\"@type\":\"WebSite\",\"@id\":\"http:\/\/www.levrata.com\/fr\/#website\",\"url\":\"http:\/\/www.levrata.com\/fr\/\",\"name\":\"Levrata | Global Trading, Markets & Investment Intelligence Magazine\",\"description\":\"Levrata is a premier global platform delivering actionable insights for traders, investors, and market enthusiasts. Covering equities, derivatives, crypto, commodities, and macro trends, Levrata combines real-time market analysis, trading strategies, and financial intelligence to empower decision-makers worldwide.\",\"publisher\":{\"@id\":\"http:\/\/www.levrata.com\/fr\/#organization\"},\"potentialAction\":[{\"@type\":\"SearchAction\",\"target\":{\"@type\":\"EntryPoint\",\"urlTemplate\":\"http:\/\/www.levrata.com\/fr\/?s={search_term_string}\"},\"query-input\":{\"@type\":\"PropertyValueSpecification\",\"valueRequired\":true,\"valueName\":\"search_term_string\"}}],\"inLanguage\":\"pt-BR\"},{\"@type\":\"Organization\",\"@id\":\"http:\/\/www.levrata.com\/fr\/#organization\",\"name\":\"Levrata | Global Trading, Markets & Investment Intelligence Magazine\",\"url\":\"http:\/\/www.levrata.com\/fr\/\",\"logo\":{\"@type\":\"ImageObject\",\"inLanguage\":\"pt-BR\",\"@id\":\"http:\/\/www.levrata.com\/fr\/#\/schema\/logo\/image\/\",\"url\":\"https:\/\/www.levrata.com\/wp-content\/uploads\/2025\/12\/levrata.png\",\"contentUrl\":\"https:\/\/www.levrata.com\/wp-content\/uploads\/2025\/12\/levrata.png\",\"width\":189,\"height\":158,\"caption\":\"Levrata | Global Trading, Markets & Investment Intelligence Magazine\"},\"image\":{\"@id\":\"http:\/\/www.levrata.com\/fr\/#\/schema\/logo\/image\/\"}}]}<\/script>\n<!-- \/ Yoast SEO plugin. -->","yoast_head_json":{"title":"Pol\u00edtica de Privacidade - Levrata | Revista de Com\u00e9rcio Global, Mercados e Intelig\u00eancia de Investimentos","robots":{"index":"index","follow":"follow","max-snippet":"max-snippet:-1","max-image-preview":"max-image-preview:large","max-video-preview":"max-video-preview:-1"},"canonical":"https:\/\/www.levrata.com\/pt\/politica-de-privacidade\/","og_locale":"pt_BR","og_type":"article","og_title":"Privacy Policy - Levrata | Global Trading, Markets &amp; Investment Intelligence Magazine","og_description":"Effective Date: 01\/01\/2026 This Privacy Policy explains how Levrata (\u201cLevrata,\u201d \u201cwe,\u201d \u201cour,\u201d or \u201cus\u201d) collects, uses, and safeguards personal data","og_url":"https:\/\/www.levrata.com\/pt\/politica-de-privacidade\/","og_site_name":"Levrata | Global Trading, Markets &amp; Investment Intelligence Magazine","article_modified_time":"2025-12-29T07:45:42+00:00","twitter_card":"summary_large_image","twitter_misc":{"Est. tempo de leitura":"4 minutos"},"schema":{"@context":"https:\/\/schema.org","@graph":[{"@type":"WebPage","@id":"https:\/\/www.levrata.com\/privacy-policy\/","url":"https:\/\/www.levrata.com\/privacy-policy\/","name":"Pol\u00edtica de Privacidade - Levrata | Revista de Com\u00e9rcio Global, Mercados e Intelig\u00eancia de Investimentos","isPartOf":{"@id":"http:\/\/www.levrata.com\/fr\/#website"},"datePublished":"2025-12-17T14:26:34+00:00","dateModified":"2025-12-29T07:45:42+00:00","breadcrumb":{"@id":"https:\/\/www.levrata.com\/privacy-policy\/#breadcrumb"},"inLanguage":"pt-BR","potentialAction":[{"@type":"ReadAction","target":["https:\/\/www.levrata.com\/privacy-policy\/"]}]},{"@type":"BreadcrumbList","@id":"https:\/\/www.levrata.com\/privacy-policy\/#breadcrumb","itemListElement":[{"@type":"ListItem","position":1,"name":"Home","item":"http:\/\/www.levrata.com\/fr\/"},{"@type":"ListItem","position":2,"name":"Privacy Policy"}]},{"@type":"WebSite","@id":"http:\/\/www.levrata.com\/fr\/#website","url":"http:\/\/www.levrata.com\/fr\/","name":"Levrata | Revista sobre com\u00e9rcio global, mercados e intelig\u00eancia de investimento","description":"A Levrata \u00e9 uma plataforma global de primeira linha que fornece insights acion\u00e1veis para traders, investidores e entusiastas do mercado. Abrangendo a\u00e7\u00f5es, derivativos, criptomoedas, commodities e tend\u00eancias macroecon\u00f4micas, a Levrata combina an\u00e1lise de mercado em tempo real, estrat\u00e9gias de negocia\u00e7\u00e3o e intelig\u00eancia financeira para capacitar tomadores de decis\u00e3o em todo o mundo.","publisher":{"@id":"http:\/\/www.levrata.com\/fr\/#organization"},"potentialAction":[{"@type":"SearchAction","target":{"@type":"EntryPoint","urlTemplate":"http:\/\/www.levrata.com\/fr\/?s={search_term_string}"},"query-input":{"@type":"PropertyValueSpecification","valueRequired":true,"valueName":"search_term_string"}}],"inLanguage":"pt-BR"},{"@type":"Organization","@id":"http:\/\/www.levrata.com\/fr\/#organization","name":"Levrata | Revista sobre com\u00e9rcio global, mercados e intelig\u00eancia de investimento","url":"http:\/\/www.levrata.com\/fr\/","logo":{"@type":"ImageObject","inLanguage":"pt-BR","@id":"http:\/\/www.levrata.com\/fr\/#\/schema\/logo\/image\/","url":"https:\/\/www.levrata.com\/wp-content\/uploads\/2025\/12\/levrata.png","contentUrl":"https:\/\/www.levrata.com\/wp-content\/uploads\/2025\/12\/levrata.png","width":189,"height":158,"caption":"Levrata | Global Trading, Markets & Investment Intelligence Magazine"},"image":{"@id":"http:\/\/www.levrata.com\/fr\/#\/schema\/logo\/image\/"}}]}},"_links":{"self":[{"href":"https:\/\/www.levrata.com\/pt\/wp-json\/wp\/v2\/pages\/3","targetHints":{"allow":["GET"]}}],"collection":[{"href":"https:\/\/www.levrata.com\/pt\/wp-json\/wp\/v2\/pages"}],"about":[{"href":"https:\/\/www.levrata.com\/pt\/wp-json\/wp\/v2\/types\/page"}],"author":[{"embeddable":true,"href":"https:\/\/www.levrata.com\/pt\/wp-json\/wp\/v2\/users\/1"}],"replies":[{"embeddable":true,"href":"https:\/\/www.levrata.com\/pt\/wp-json\/wp\/v2\/comments?post=3"}],"version-history":[{"count":2,"href":"https:\/\/www.levrata.com\/pt\/wp-json\/wp\/v2\/pages\/3\/revisions"}],"predecessor-version":[{"id":992,"href":"https:\/\/www.levrata.com\/pt\/wp-json\/wp\/v2\/pages\/3\/revisions\/992"}],"wp:attachment":[{"href":"https:\/\/www.levrata.com\/pt\/wp-json\/wp\/v2\/media?parent=3"}],"curies":[{"name":"wp","href":"https:\/\/api.w.org\/{rel}","templated":true}]}}